{"id":36,"date":"2024-02-27T09:16:32","date_gmt":"2024-02-27T09:16:32","guid":{"rendered":"https:\/\/myadvisor.tn\/?page_id=36"},"modified":"2025-07-28T21:42:13","modified_gmt":"2025-07-28T21:42:13","slug":"services","status":"publish","type":"page","link":"https:\/\/myadvisor.tn\/index.php\/services\/","title":{"rendered":"Services"},"content":{"rendered":"\n<ol class=\"wp-block-list\">\n<li><strong>Assistance Comptable : <\/strong>Une assistance comptable efficace exige une compr\u00e9hension approfondie des sp\u00e9cificit\u00e9s du secteur, des outils technologiques, et des besoins uniques de chaque client. Notre m\u00e9thodologie d\u2019assistance comptable repose sur une analyse pr\u00e9cise des activit\u00e9s, des processus financiers, et des exigences r\u00e9glementaires de nos clients, soutenue par une ma\u00eetrise avanc\u00e9e des syst\u00e8mes ERP tels que SAGE X3, SAP, Odoo, Sage ERP, SAGE i7 , Microsoft Dynamics 365, Polysoft, Ai compta \u2026<br>L\u2019approche de MYADVISOR est centr\u00e9e sur l\u2019accompagnement op\u00e9rationnel des \u00e9quipes internes et le contr\u00f4le des donn\u00e9es comptables afin d\u2019assurer une conformit\u00e9 rigoureuse et une efficacit\u00e9 accrue. Nous disposons d\u2019une connaissance approfondie des retraitements IFRS, US GAAP, et LOCAL GAAP, ce qui nous permet de garantir une conformit\u00e9 internationale et locale pour nos clients.<\/li>\n\n\n\n<li><strong>Outsourcing : <\/strong>le Tenue de comptabilit\u00e9 concerne la gestion des op\u00e9rations comptables quotidiennes, y compris la saisie des transactions, la pr\u00e9paration des \u00e9tats financiers et des rapports.<\/li>\n\n\n\n<li><strong>D\u00e9clarations fiscales :<\/strong> Pr\u00e9paration et d\u00e9p\u00f4t des d\u00e9clarations fiscales p\u00e9riodiques, y compris la TVA, l&rsquo;imp\u00f4t sur le revenu, l&rsquo;imp\u00f4t sur les soci\u00e9t\u00e9s, etc.<\/li>\n\n\n\n<li><strong>Audit et commissariat aux comptes:<\/strong> Examen ind\u00e9pendant des \u00e9tats financiers pour assurer leur conformit\u00e9 aux normes comptables et r\u00e9glementaires.<\/li>\n\n\n\n<li><strong>Audit et Conseil fiscal :<\/strong> Examen approfondi des risques fisaux, des politiques et des proc\u00e9dures pour assurer la conformit\u00e9 fiscale, identifier les risques potentiels et proposer les optimisatios et les ajustements n\u00e9cessaires. Conseils sur la planification fiscale, l&rsquo;optimisation des imp\u00f4ts et la conformit\u00e9 fiscale pour les particuliers et les entreprises.<\/li>\n\n\n\n<li><strong>\u00c9tablissement des comptes annuels :<\/strong> Pr\u00e9paration des comptes annuels, y compris le bilan, le compte de r\u00e9sultat et l&rsquo;annexe, conform\u00e9ment aux normes comptables en vigueur.<\/li>\n\n\n\n<li><strong>Gestion de la paie :<\/strong> Calcul des salaires, \u00e9mission des bulletins de paie, d\u00e9clarations sociales et gestion des contrats de travail.<\/li>\n\n\n\n<li><strong>Conseil en gestion financi\u00e8re :<\/strong> Analyse des performances financi\u00e8res, pr\u00e9visions budg\u00e9taires, gestion de tr\u00e9sorerie et conseils en mati\u00e8re d&rsquo;investissement.<\/li>\n\n\n\n<li><strong>Cr\u00e9ation des soci\u00e9t\u00e9s :<\/strong> Assistance dans le processus de cr\u00e9ation d&rsquo;entreprise indivduelle et des soci\u00e9t\u00e9s , coneils pour choix de la forme juridique, r\u00e9daction des statuts et formalit\u00e9s administratives y compris la publication dans le registre national des entreprises.<\/li>\n\n\n\n<li><strong>Formation<\/strong> : Le g\u00e9rant du cabinet, Mohamed Chakroun est un expert comptable membre de l&rsquo;odre des experts comptable de tunis, et formateur agr\u00e9e \u00e0 la CNFCPP, Enseignant universitaire et titulaire d&rsquo;un certificat microsoft \u00ab\u00a0Data Series Analytics Big Data Hdoop On HD Insight\u00a0\u00bb (2021) et titulaire d&rsquo;un master en Ing\u00e9nierie des Affaires et Digitalisation des Entreprises (2024).<\/li>\n<\/ol>\n\n\n\n<p><\/p>\n","protected":false},"excerpt":{"rendered":"","protected":false},"author":1,"featured_media":0,"parent":0,"menu_order":0,"comment_status":"closed","ping_status":"closed","template":"","meta":{"footnotes":""},"class_list":["post-36","page","type-page","status-publish","hentry"],"yoast_head":"<!-- This site is optimized with the Yoast SEO plugin v23.5 - https:\/\/yoast.com\/wordpress\/plugins\/seo\/ -->\n<title>Services - MYADVISOR<\/title>\n<meta name=\"robots\" content=\"index, follow, max-snippet:-1, max-image-preview:large, max-video-preview:-1\" \/>\n<link rel=\"canonical\" href=\"https:\/\/myadvisor.tn\/index.php\/services\/\" \/>\n<meta property=\"og:locale\" content=\"fr_FR\" \/>\n<meta property=\"og:type\" content=\"article\" \/>\n<meta property=\"og:title\" content=\"Services - MYADVISOR\" \/>\n<meta property=\"og:url\" content=\"https:\/\/myadvisor.tn\/index.php\/services\/\" \/>\n<meta property=\"og:site_name\" content=\"MYADVISOR\" \/>\n<meta property=\"article:publisher\" content=\"https:\/\/www.facebook.com\/profile.php?id=61556860978259\" \/>\n<meta property=\"article:modified_time\" content=\"2025-07-28T21:42:13+00:00\" \/>\n<meta name=\"twitter:card\" content=\"summary_large_image\" \/>\n<meta name=\"twitter:label1\" content=\"Dur\u00e9e de lecture estim\u00e9e\" \/>\n\t<meta name=\"twitter:data1\" content=\"3 minutes\" \/>\n<script type=\"application\/ld+json\" class=\"yoast-schema-graph\">{\"@context\":\"https:\/\/schema.org\",\"@graph\":[{\"@type\":\"WebPage\",\"@id\":\"https:\/\/myadvisor.tn\/index.php\/services\/\",\"url\":\"https:\/\/myadvisor.tn\/index.php\/services\/\",\"name\":\"Services - MYADVISOR\",\"isPartOf\":{\"@id\":\"https:\/\/myadvisor.tn\/#website\"},\"datePublished\":\"2024-02-27T09:16:32+00:00\",\"dateModified\":\"2025-07-28T21:42:13+00:00\",\"breadcrumb\":{\"@id\":\"https:\/\/myadvisor.tn\/index.php\/services\/#breadcrumb\"},\"inLanguage\":\"fr-FR\",\"potentialAction\":[{\"@type\":\"ReadAction\",\"target\":[\"https:\/\/myadvisor.tn\/index.php\/services\/\"]}]},{\"@type\":\"BreadcrumbList\",\"@id\":\"https:\/\/myadvisor.tn\/index.php\/services\/#breadcrumb\",\"itemListElement\":[{\"@type\":\"ListItem\",\"position\":1,\"name\":\"Accueil\",\"item\":\"https:\/\/myadvisor.tn\/\"},{\"@type\":\"ListItem\",\"position\":2,\"name\":\"Services\"}]},{\"@type\":\"WebSite\",\"@id\":\"https:\/\/myadvisor.tn\/#website\",\"url\":\"https:\/\/myadvisor.tn\/\",\"name\":\"MYADVISOR\",\"description\":\"\",\"publisher\":{\"@id\":\"https:\/\/myadvisor.tn\/#organization\"},\"potentialAction\":[{\"@type\":\"SearchAction\",\"target\":{\"@type\":\"EntryPoint\",\"urlTemplate\":\"https:\/\/myadvisor.tn\/?s={search_term_string}\"},\"query-input\":{\"@type\":\"PropertyValueSpecification\",\"valueRequired\":true,\"valueName\":\"search_term_string\"}}],\"inLanguage\":\"fr-FR\"},{\"@type\":\"Organization\",\"@id\":\"https:\/\/myadvisor.tn\/#organization\",\"name\":\"CABINET MYADVISOR\",\"url\":\"https:\/\/myadvisor.tn\/\",\"logo\":{\"@type\":\"ImageObject\",\"inLanguage\":\"fr-FR\",\"@id\":\"https:\/\/myadvisor.tn\/#\/schema\/logo\/image\/\",\"url\":\"https:\/\/myadvisor.tn\/wp-content\/uploads\/2024\/02\/cropped-Image1.png\",\"contentUrl\":\"https:\/\/myadvisor.tn\/wp-content\/uploads\/2024\/02\/cropped-Image1.png\",\"width\":1191,\"height\":376,\"caption\":\"CABINET MYADVISOR\"},\"image\":{\"@id\":\"https:\/\/myadvisor.tn\/#\/schema\/logo\/image\/\"},\"sameAs\":[\"https:\/\/www.facebook.com\/profile.php?id=61556860978259\",\"https:\/\/www.linkedin.com\/in\/myadvisor-tunisie-892930230\/\"]}]}<\/script>\n<!-- \/ Yoast SEO plugin. -->","yoast_head_json":{"title":"Services - MYADVISOR","robots":{"index":"index","follow":"follow","max-snippet":"max-snippet:-1","max-image-preview":"max-image-preview:large","max-video-preview":"max-video-preview:-1"},"canonical":"https:\/\/myadvisor.tn\/index.php\/services\/","og_locale":"fr_FR","og_type":"article","og_title":"Services - MYADVISOR","og_url":"https:\/\/myadvisor.tn\/index.php\/services\/","og_site_name":"MYADVISOR","article_publisher":"https:\/\/www.facebook.com\/profile.php?id=61556860978259","article_modified_time":"2025-07-28T21:42:13+00:00","twitter_card":"summary_large_image","twitter_misc":{"Dur\u00e9e de lecture estim\u00e9e":"3 minutes"},"schema":{"@context":"https:\/\/schema.org","@graph":[{"@type":"WebPage","@id":"https:\/\/myadvisor.tn\/index.php\/services\/","url":"https:\/\/myadvisor.tn\/index.php\/services\/","name":"Services - MYADVISOR","isPartOf":{"@id":"https:\/\/myadvisor.tn\/#website"},"datePublished":"2024-02-27T09:16:32+00:00","dateModified":"2025-07-28T21:42:13+00:00","breadcrumb":{"@id":"https:\/\/myadvisor.tn\/index.php\/services\/#breadcrumb"},"inLanguage":"fr-FR","potentialAction":[{"@type":"ReadAction","target":["https:\/\/myadvisor.tn\/index.php\/services\/"]}]},{"@type":"BreadcrumbList","@id":"https:\/\/myadvisor.tn\/index.php\/services\/#breadcrumb","itemListElement":[{"@type":"ListItem","position":1,"name":"Accueil","item":"https:\/\/myadvisor.tn\/"},{"@type":"ListItem","position":2,"name":"Services"}]},{"@type":"WebSite","@id":"https:\/\/myadvisor.tn\/#website","url":"https:\/\/myadvisor.tn\/","name":"MYADVISOR","description":"","publisher":{"@id":"https:\/\/myadvisor.tn\/#organization"},"potentialAction":[{"@type":"SearchAction","target":{"@type":"EntryPoint","urlTemplate":"https:\/\/myadvisor.tn\/?s={search_term_string}"},"query-input":{"@type":"PropertyValueSpecification","valueRequired":true,"valueName":"search_term_string"}}],"inLanguage":"fr-FR"},{"@type":"Organization","@id":"https:\/\/myadvisor.tn\/#organization","name":"CABINET MYADVISOR","url":"https:\/\/myadvisor.tn\/","logo":{"@type":"ImageObject","inLanguage":"fr-FR","@id":"https:\/\/myadvisor.tn\/#\/schema\/logo\/image\/","url":"https:\/\/myadvisor.tn\/wp-content\/uploads\/2024\/02\/cropped-Image1.png","contentUrl":"https:\/\/myadvisor.tn\/wp-content\/uploads\/2024\/02\/cropped-Image1.png","width":1191,"height":376,"caption":"CABINET MYADVISOR"},"image":{"@id":"https:\/\/myadvisor.tn\/#\/schema\/logo\/image\/"},"sameAs":["https:\/\/www.facebook.com\/profile.php?id=61556860978259","https:\/\/www.linkedin.com\/in\/myadvisor-tunisie-892930230\/"]}]}},"_links":{"self":[{"href":"https:\/\/myadvisor.tn\/index.php\/wp-json\/wp\/v2\/pages\/36","targetHints":{"allow":["GET"]}}],"collection":[{"href":"https:\/\/myadvisor.tn\/index.php\/wp-json\/wp\/v2\/pages"}],"about":[{"href":"https:\/\/myadvisor.tn\/index.php\/wp-json\/wp\/v2\/types\/page"}],"author":[{"embeddable":true,"href":"https:\/\/myadvisor.tn\/index.php\/wp-json\/wp\/v2\/users\/1"}],"replies":[{"embeddable":true,"href":"https:\/\/myadvisor.tn\/index.php\/wp-json\/wp\/v2\/comments?post=36"}],"version-history":[{"count":4,"href":"https:\/\/myadvisor.tn\/index.php\/wp-json\/wp\/v2\/pages\/36\/revisions"}],"predecessor-version":[{"id":142,"href":"https:\/\/myadvisor.tn\/index.php\/wp-json\/wp\/v2\/pages\/36\/revisions\/142"}],"wp:attachment":[{"href":"https:\/\/myadvisor.tn\/index.php\/wp-json\/wp\/v2\/media?parent=36"}],"curies":[{"name":"wp","href":"https:\/\/api.w.org\/{rel}","templated":true}]}}