{"id":2,"date":"2024-02-27T08:19:51","date_gmt":"2024-02-27T08:19:51","guid":{"rendered":"https:\/\/myadvisor.tn\/?page_id=2"},"modified":"2024-10-23T14:04:29","modified_gmt":"2024-10-23T14:04:29","slug":"contact","status":"publish","type":"page","link":"https:\/\/myadvisor.tn\/index.php\/contact\/","title":{"rendered":"Contact"},"content":{"rendered":"\n<p><strong>Sfax:<\/strong> Avenue de Libert\u00e9, Immeuble Diwan, 2\u00e8me \u00e9tage, Sfax<\/p>\n\n\n\n<p><strong>Tunis:<\/strong> Lafayette, Rue d&rsquo;Arabie Saoudite, Immeuble Nasr, 4\u00e8me \u00e9tage, Tunis<\/p>\n\n\n\n<p><strong>T\u00e9l\u00e9phone:<\/strong> +216 70 876 744 +216 99 153 507 (Sfax) +216 29 912 846 (Tunis)<\/p>\n\n\n\n<p><strong>E-mail:<\/strong> <a>contact@myadvisor.tn<\/a><\/p>\n\n\n\n<p><strong>Horaires d&rsquo;ouverture:<\/strong> Du lundi au vendredi, de 7h00 \u00e0 17h00<\/p>\n\n\n\n<figure class=\"wp-block-embed is-type-video is-provider-youtube wp-block-embed-youtube wp-embed-aspect-4-3 wp-has-aspect-ratio\"><div class=\"wp-block-embed__wrapper\">\n<iframe loading=\"lazy\" title=\"MAPS MYADVISOR SFAX\" width=\"800\" height=\"450\" src=\"https:\/\/www.youtube.com\/embed\/Lfkl73Jvvpw?feature=oembed\" frameborder=\"0\" allow=\"accelerometer; autoplay; clipboard-write; encrypted-media; gyroscope; picture-in-picture; web-share\" referrerpolicy=\"strict-origin-when-cross-origin\" allowfullscreen><\/iframe>\n<\/div><\/figure>\n\n\n<style id=\"wpforms-css-vars-root\">\n\t\t\t\t:root {\n\t\t\t\t\t--wpforms-field-border-radius: 3px;\n--wpforms-field-border-style: solid;\n--wpforms-field-border-size: 1px;\n--wpforms-field-background-color: #ffffff;\n--wpforms-field-border-color: rgba( 0, 0, 0, 0.25 );\n--wpforms-field-border-color-spare: rgba( 0, 0, 0, 0.25 );\n--wpforms-field-text-color: rgba( 0, 0, 0, 0.7 );\n--wpforms-field-menu-color: #ffffff;\n--wpforms-label-color: rgba( 0, 0, 0, 0.85 );\n--wpforms-label-sublabel-color: rgba( 0, 0, 0, 0.55 );\n--wpforms-label-error-color: #d63637;\n--wpforms-button-border-radius: 3px;\n--wpforms-button-border-style: none;\n--wpforms-button-border-size: 1px;\n--wpforms-button-background-color: #066aab;\n--wpforms-button-border-color: #066aab;\n--wpforms-button-text-color: #ffffff;\n--wpforms-page-break-color: #066aab;\n--wpforms-background-image: none;\n--wpforms-background-position: center center;\n--wpforms-background-repeat: no-repeat;\n--wpforms-background-size: cover;\n--wpforms-background-width: 100px;\n--wpforms-background-height: 100px;\n--wpforms-background-color: rgba( 0, 0, 0, 0 );\n--wpforms-background-url: none;\n--wpforms-container-padding: 0px;\n--wpforms-container-border-style: none;\n--wpforms-container-border-width: 1px;\n--wpforms-container-border-color: #000000;\n--wpforms-container-border-radius: 3px;\n--wpforms-field-size-input-height: 43px;\n--wpforms-field-size-input-spacing: 15px;\n--wpforms-field-size-font-size: 16px;\n--wpforms-field-size-line-height: 19px;\n--wpforms-field-size-padding-h: 14px;\n--wpforms-field-size-checkbox-size: 16px;\n--wpforms-field-size-sublabel-spacing: 5px;\n--wpforms-field-size-icon-size: 1;\n--wpforms-label-size-font-size: 16px;\n--wpforms-label-size-line-height: 19px;\n--wpforms-label-size-sublabel-font-size: 14px;\n--wpforms-label-size-sublabel-line-height: 17px;\n--wpforms-button-size-font-size: 17px;\n--wpforms-button-size-height: 41px;\n--wpforms-button-size-padding-h: 15px;\n--wpforms-button-size-margin-top: 10px;\n--wpforms-container-shadow-size-box-shadow: none;\n\n\t\t\t\t}\n\t\t\t<\/style><div class=\"wpforms-container wpforms-container-full wpforms-block wpforms-block-f40be474-496e-42a2-9875-2a3e769f560b wpforms-render-modern\" id=\"wpforms-59\"><form id=\"wpforms-form-59\" class=\"wpforms-validate wpforms-form wpforms-ajax-form\" data-formid=\"59\" method=\"post\" enctype=\"multipart\/form-data\" action=\"\/index.php\/wp-json\/wp\/v2\/pages\/2\" data-token=\"67b0cba2641182383d63a99aa7176895\" data-token-time=\"1776602458\"><noscript class=\"wpforms-error-noscript\">Veuillez activer JavaScript dans votre navigateur pour remplir ce formulaire.<\/noscript><div class=\"wpforms-hidden\" id=\"wpforms-error-noscript\">Veuillez activer JavaScript dans votre navigateur pour remplir ce formulaire.<\/div><div class=\"wpforms-field-container\"><div id=\"wpforms-59-field_0-container\" class=\"wpforms-field wpforms-field-name\" data-field-id=\"0\"><fieldset><legend class=\"wpforms-field-label\">Identification <span class=\"wpforms-required-label\" aria-hidden=\"true\">*<\/span><\/legend><div class=\"wpforms-field-row wpforms-field-medium\"><div class=\"wpforms-field-row-block wpforms-first wpforms-one-half\"><input type=\"text\" id=\"wpforms-59-field_0\" class=\"wpforms-field-name-first wpforms-field-required\" name=\"wpforms[fields][0][first]\" aria-errormessage=\"wpforms-59-field_0-error\" required><label for=\"wpforms-59-field_0\" class=\"wpforms-field-sublabel after\">Pr\u00e9nom<\/label><\/div><div class=\"wpforms-field-row-block wpforms-one-half\"><input type=\"text\" id=\"wpforms-59-field_0-last\" class=\"wpforms-field-name-last wpforms-field-required\" name=\"wpforms[fields][0][last]\" aria-errormessage=\"wpforms-59-field_0-last-error\" required><label for=\"wpforms-59-field_0-last\" class=\"wpforms-field-sublabel after\">Nom<\/label><\/div><\/div><\/fieldset><\/div><div id=\"wpforms-59-field_3-container\" class=\"wpforms-field wpforms-field-name\" data-field-id=\"3\"><label class=\"wpforms-field-label\" for=\"wpforms-59-field_3\">Soci\u00e9t\u00e9<\/label><input type=\"text\" id=\"wpforms-59-field_3\" class=\"wpforms-field-medium\" name=\"wpforms[fields][3]\" aria-errormessage=\"wpforms-59-field_3-error\" aria-describedby=\"wpforms-59-field_3-description\" ><div id=\"wpforms-59-field_3-description\" class=\"wpforms-field-description\">Nom de votre soci\u00e9t\u00e9<\/div><\/div><div id=\"wpforms-59-field_4-container\" class=\"wpforms-field wpforms-field-name\" data-field-id=\"4\"><label class=\"wpforms-field-label\" for=\"wpforms-59-field_4\">T\u00e9l\u00e9phone<\/label><input type=\"text\" id=\"wpforms-59-field_4\" class=\"wpforms-field-medium\" name=\"wpforms[fields][4]\" aria-errormessage=\"wpforms-59-field_4-error\" aria-describedby=\"wpforms-59-field_4-description\" ><div id=\"wpforms-59-field_4-description\" class=\"wpforms-field-description\">Num\u00e9ro de t\u00e9l\u00e9phone<\/div><\/div><div id=\"wpforms-59-field_1-container\" class=\"wpforms-field wpforms-field-email\" data-field-id=\"1\"><label class=\"wpforms-field-label\" for=\"wpforms-59-field_1\">E-mail <span class=\"wpforms-required-label\" aria-hidden=\"true\">*<\/span><\/label><input type=\"email\" id=\"wpforms-59-field_1\" class=\"wpforms-field-medium wpforms-field-required\" name=\"wpforms[fields][1]\" spellcheck=\"false\" aria-errormessage=\"wpforms-59-field_1-error\" required><\/div><div id=\"wpforms-59-field_2-container\" class=\"wpforms-field wpforms-field-textarea\" data-field-id=\"2\"><label class=\"wpforms-field-label\" for=\"wpforms-59-field_2\">Comment nous pouvons vous aider <\/label><textarea id=\"wpforms-59-field_2\" class=\"wpforms-field-medium\" name=\"wpforms[fields][2]\" aria-errormessage=\"wpforms-59-field_2-error\" ><\/textarea><\/div><\/div><!-- .wpforms-field-container --><div class=\"wpforms-submit-container\" ><input type=\"hidden\" name=\"wpforms[id]\" value=\"59\"><input type=\"hidden\" name=\"page_title\" value=\"\"><input type=\"hidden\" name=\"page_url\" value=\"https:\/\/myadvisor.tn\/index.php\/wp-json\/wp\/v2\/pages\/2\"><button type=\"submit\" name=\"wpforms[submit]\" id=\"wpforms-submit-59\" class=\"wpforms-submit\" data-alt-text=\"Envoi...\" data-submit-text=\"Envoyer\" aria-live=\"assertive\" value=\"wpforms-submit\">Envoyer<\/button><img loading=\"lazy\" decoding=\"async\" src=\"https:\/\/myadvisor.tn\/wp-content\/plugins\/wpforms-lite\/assets\/images\/submit-spin.svg\" class=\"wpforms-submit-spinner\" style=\"display: none;\" width=\"26\" height=\"26\" alt=\"Chargement en cours\"><\/div><\/form><\/div>  <!-- .wpforms-container -->\n\n\n<script type=\"text\/javascript\">\n    window.$crisp = [];\n    window.CRISP_WEBSITE_ID = \"dc974ad6-baa1-46a7-9e56-1972c1bfaf81\";\n\n    \/\/ Toujours afficher la fen\u00eatre de chat ouverte\n    window.$crisp.push([\"do\", \"chat:open\"]);\n\n    \/\/ Positionner la fen\u00eatre de chat \u00e0 gauche\n    window.$crisp.push([\"config\", \"position:left\"]);\n\n    (function() {\n        d = document;\n        s = d.createElement(\"script\");\n        s.src = \"https:\/\/client.crisp.chat\/l.js\";\n        s.async = 1;\n        d.getElementsByTagName(\"head\")[0].appendChild(s);\n    })();\n<\/script>\n\n","protected":false},"excerpt":{"rendered":"<p>Sfax: Avenue de Libert\u00e9, Immeuble Diwan, 2\u00e8me \u00e9tage, Sfax Tunis: Lafayette, Rue d&rsquo;Arabie Saoudite, Immeuble Nasr, 4\u00e8me \u00e9tage, Tunis T\u00e9l\u00e9phone: &#8230; <\/p>\n<p class=\"more-link-container mt-4 mb-2\"><a title=\"Contact\" class=\"more-link btn btn-primary\" href=\"https:\/\/myadvisor.tn\/index.php\/contact\/#more-2\">Read More<span class=\"screen-reader-text\">Contact<\/span> <i class=\"fa fa-angle-right\"><\/i><\/a><\/p>\n","protected":false},"author":1,"featured_media":0,"parent":0,"menu_order":0,"comment_status":"closed","ping_status":"closed","template":"","meta":{"footnotes":""},"class_list":["post-2","page","type-page","status-publish","hentry"],"yoast_head":"<!-- This site is optimized with the Yoast SEO plugin v23.5 - https:\/\/yoast.com\/wordpress\/plugins\/seo\/ -->\n<title>Contact - MYADVISOR<\/title>\n<meta name=\"robots\" content=\"index, follow, max-snippet:-1, max-image-preview:large, max-video-preview:-1\" \/>\n<link rel=\"canonical\" href=\"https:\/\/myadvisor.tn\/index.php\/contact\/\" \/>\n<meta property=\"og:locale\" content=\"fr_FR\" \/>\n<meta property=\"og:type\" content=\"article\" \/>\n<meta property=\"og:title\" content=\"Contact - MYADVISOR\" \/>\n<meta property=\"og:description\" content=\"Sfax: Avenue de Libert\u00e9, Immeuble Diwan, 2\u00e8me \u00e9tage, Sfax Tunis: Lafayette, Rue d&rsquo;Arabie Saoudite, Immeuble Nasr, 4\u00e8me \u00e9tage, Tunis T\u00e9l\u00e9phone: ... Read MoreContact\" \/>\n<meta property=\"og:url\" content=\"https:\/\/myadvisor.tn\/index.php\/contact\/\" \/>\n<meta property=\"og:site_name\" content=\"MYADVISOR\" \/>\n<meta property=\"article:publisher\" content=\"https:\/\/www.facebook.com\/profile.php?id=61556860978259\" \/>\n<meta property=\"article:modified_time\" content=\"2024-10-23T14:04:29+00:00\" \/>\n<meta name=\"twitter:card\" content=\"summary_large_image\" \/>\n<meta name=\"twitter:label1\" content=\"Dur\u00e9e de lecture estim\u00e9e\" \/>\n\t<meta name=\"twitter:data1\" content=\"1 minute\" \/>\n<script type=\"application\/ld+json\" class=\"yoast-schema-graph\">{\"@context\":\"https:\/\/schema.org\",\"@graph\":[{\"@type\":\"WebPage\",\"@id\":\"https:\/\/myadvisor.tn\/index.php\/contact\/\",\"url\":\"https:\/\/myadvisor.tn\/index.php\/contact\/\",\"name\":\"Contact - MYADVISOR\",\"isPartOf\":{\"@id\":\"https:\/\/myadvisor.tn\/#website\"},\"datePublished\":\"2024-02-27T08:19:51+00:00\",\"dateModified\":\"2024-10-23T14:04:29+00:00\",\"breadcrumb\":{\"@id\":\"https:\/\/myadvisor.tn\/index.php\/contact\/#breadcrumb\"},\"inLanguage\":\"fr-FR\",\"potentialAction\":[{\"@type\":\"ReadAction\",\"target\":[\"https:\/\/myadvisor.tn\/index.php\/contact\/\"]}]},{\"@type\":\"BreadcrumbList\",\"@id\":\"https:\/\/myadvisor.tn\/index.php\/contact\/#breadcrumb\",\"itemListElement\":[{\"@type\":\"ListItem\",\"position\":1,\"name\":\"Accueil\",\"item\":\"https:\/\/myadvisor.tn\/\"},{\"@type\":\"ListItem\",\"position\":2,\"name\":\"Contact\"}]},{\"@type\":\"WebSite\",\"@id\":\"https:\/\/myadvisor.tn\/#website\",\"url\":\"https:\/\/myadvisor.tn\/\",\"name\":\"MYADVISOR\",\"description\":\"\",\"publisher\":{\"@id\":\"https:\/\/myadvisor.tn\/#organization\"},\"potentialAction\":[{\"@type\":\"SearchAction\",\"target\":{\"@type\":\"EntryPoint\",\"urlTemplate\":\"https:\/\/myadvisor.tn\/?s={search_term_string}\"},\"query-input\":{\"@type\":\"PropertyValueSpecification\",\"valueRequired\":true,\"valueName\":\"search_term_string\"}}],\"inLanguage\":\"fr-FR\"},{\"@type\":\"Organization\",\"@id\":\"https:\/\/myadvisor.tn\/#organization\",\"name\":\"CABINET MYADVISOR\",\"url\":\"https:\/\/myadvisor.tn\/\",\"logo\":{\"@type\":\"ImageObject\",\"inLanguage\":\"fr-FR\",\"@id\":\"https:\/\/myadvisor.tn\/#\/schema\/logo\/image\/\",\"url\":\"https:\/\/myadvisor.tn\/wp-content\/uploads\/2024\/02\/cropped-Image1.png\",\"contentUrl\":\"https:\/\/myadvisor.tn\/wp-content\/uploads\/2024\/02\/cropped-Image1.png\",\"width\":1191,\"height\":376,\"caption\":\"CABINET MYADVISOR\"},\"image\":{\"@id\":\"https:\/\/myadvisor.tn\/#\/schema\/logo\/image\/\"},\"sameAs\":[\"https:\/\/www.facebook.com\/profile.php?id=61556860978259\",\"https:\/\/www.linkedin.com\/in\/myadvisor-tunisie-892930230\/\"]}]}<\/script>\n<!-- \/ Yoast SEO plugin. -->","yoast_head_json":{"title":"Contact - MYADVISOR","robots":{"index":"index","follow":"follow","max-snippet":"max-snippet:-1","max-image-preview":"max-image-preview:large","max-video-preview":"max-video-preview:-1"},"canonical":"https:\/\/myadvisor.tn\/index.php\/contact\/","og_locale":"fr_FR","og_type":"article","og_title":"Contact - MYADVISOR","og_description":"Sfax: Avenue de Libert\u00e9, Immeuble Diwan, 2\u00e8me \u00e9tage, Sfax Tunis: Lafayette, Rue d&rsquo;Arabie Saoudite, Immeuble Nasr, 4\u00e8me \u00e9tage, Tunis T\u00e9l\u00e9phone: ... Read MoreContact","og_url":"https:\/\/myadvisor.tn\/index.php\/contact\/","og_site_name":"MYADVISOR","article_publisher":"https:\/\/www.facebook.com\/profile.php?id=61556860978259","article_modified_time":"2024-10-23T14:04:29+00:00","twitter_card":"summary_large_image","twitter_misc":{"Dur\u00e9e de lecture estim\u00e9e":"1 minute"},"schema":{"@context":"https:\/\/schema.org","@graph":[{"@type":"WebPage","@id":"https:\/\/myadvisor.tn\/index.php\/contact\/","url":"https:\/\/myadvisor.tn\/index.php\/contact\/","name":"Contact - MYADVISOR","isPartOf":{"@id":"https:\/\/myadvisor.tn\/#website"},"datePublished":"2024-02-27T08:19:51+00:00","dateModified":"2024-10-23T14:04:29+00:00","breadcrumb":{"@id":"https:\/\/myadvisor.tn\/index.php\/contact\/#breadcrumb"},"inLanguage":"fr-FR","potentialAction":[{"@type":"ReadAction","target":["https:\/\/myadvisor.tn\/index.php\/contact\/"]}]},{"@type":"BreadcrumbList","@id":"https:\/\/myadvisor.tn\/index.php\/contact\/#breadcrumb","itemListElement":[{"@type":"ListItem","position":1,"name":"Accueil","item":"https:\/\/myadvisor.tn\/"},{"@type":"ListItem","position":2,"name":"Contact"}]},{"@type":"WebSite","@id":"https:\/\/myadvisor.tn\/#website","url":"https:\/\/myadvisor.tn\/","name":"MYADVISOR","description":"","publisher":{"@id":"https:\/\/myadvisor.tn\/#organization"},"potentialAction":[{"@type":"SearchAction","target":{"@type":"EntryPoint","urlTemplate":"https:\/\/myadvisor.tn\/?s={search_term_string}"},"query-input":{"@type":"PropertyValueSpecification","valueRequired":true,"valueName":"search_term_string"}}],"inLanguage":"fr-FR"},{"@type":"Organization","@id":"https:\/\/myadvisor.tn\/#organization","name":"CABINET MYADVISOR","url":"https:\/\/myadvisor.tn\/","logo":{"@type":"ImageObject","inLanguage":"fr-FR","@id":"https:\/\/myadvisor.tn\/#\/schema\/logo\/image\/","url":"https:\/\/myadvisor.tn\/wp-content\/uploads\/2024\/02\/cropped-Image1.png","contentUrl":"https:\/\/myadvisor.tn\/wp-content\/uploads\/2024\/02\/cropped-Image1.png","width":1191,"height":376,"caption":"CABINET MYADVISOR"},"image":{"@id":"https:\/\/myadvisor.tn\/#\/schema\/logo\/image\/"},"sameAs":["https:\/\/www.facebook.com\/profile.php?id=61556860978259","https:\/\/www.linkedin.com\/in\/myadvisor-tunisie-892930230\/"]}]}},"_links":{"self":[{"href":"https:\/\/myadvisor.tn\/index.php\/wp-json\/wp\/v2\/pages\/2","targetHints":{"allow":["GET"]}}],"collection":[{"href":"https:\/\/myadvisor.tn\/index.php\/wp-json\/wp\/v2\/pages"}],"about":[{"href":"https:\/\/myadvisor.tn\/index.php\/wp-json\/wp\/v2\/types\/page"}],"author":[{"embeddable":true,"href":"https:\/\/myadvisor.tn\/index.php\/wp-json\/wp\/v2\/users\/1"}],"replies":[{"embeddable":true,"href":"https:\/\/myadvisor.tn\/index.php\/wp-json\/wp\/v2\/comments?post=2"}],"version-history":[{"count":11,"href":"https:\/\/myadvisor.tn\/index.php\/wp-json\/wp\/v2\/pages\/2\/revisions"}],"predecessor-version":[{"id":128,"href":"https:\/\/myadvisor.tn\/index.php\/wp-json\/wp\/v2\/pages\/2\/revisions\/128"}],"wp:attachment":[{"href":"https:\/\/myadvisor.tn\/index.php\/wp-json\/wp\/v2\/media?parent=2"}],"curies":[{"name":"wp","href":"https:\/\/api.w.org\/{rel}","templated":true}]}}