{"id":12,"date":"2024-02-27T08:27:03","date_gmt":"2024-02-27T08:27:03","guid":{"rendered":"https:\/\/myadvisor.tn\/index.php\/home\/"},"modified":"2025-11-27T22:01:51","modified_gmt":"2025-11-27T22:01:51","slug":"home","status":"publish","type":"page","link":"https:\/\/myadvisor.tn\/","title":{"rendered":"Acceuil"},"content":{"rendered":"\n<figure class=\"wp-block-image size-large\"><img loading=\"lazy\" decoding=\"async\" width=\"1024\" height=\"318\" src=\"https:\/\/myadvisor.tn\/wp-content\/uploads\/2024\/02\/Image1-1024x318.png\" alt=\"\" class=\"wp-image-14\" srcset=\"https:\/\/myadvisor.tn\/wp-content\/uploads\/2024\/02\/Image1-1024x318.png 1024w, https:\/\/myadvisor.tn\/wp-content\/uploads\/2024\/02\/Image1-300x93.png 300w, https:\/\/myadvisor.tn\/wp-content\/uploads\/2024\/02\/Image1-768x238.png 768w, https:\/\/myadvisor.tn\/wp-content\/uploads\/2024\/02\/Image1.png 1211w\" sizes=\"auto, (max-width: 1024px) 100vw, 1024px\" \/><\/figure>\n\n\n\n<p>Myadvisor est un cabinet de conseil situ\u00e9e \u00e0 Sfax et Tunis , Le cabinet fait l&rsquo;accompagnement des entreprises tunisiennes et \u00e9trang\u00e8res. Nous sommes sp\u00e9cialis\u00e9s dans la comptabilit\u00e9, fiscalit\u00e9 et finance.  Nous aidons les entreprises confront\u00e9es \u00e0 des probl\u00e9matiques d\u00e9licate, telles que l&rsquo;\u00e9valuation du potentiel \u00e9conomique de projets et la gestion de transactions comptables, financi\u00e8res et fiscales complexes.<\/p>\n\n\n\n<p>Une assistance comptable efficace exige une compr\u00e9hension approfondie des sp\u00e9cificit\u00e9s du secteur, des outils technologiques, et des besoins uniques de chaque client. Notre m\u00e9thodologie d&rsquo;assistance comptable repose sur une analyse pr\u00e9cise des activit\u00e9s, des processus financiers, et des exigences r\u00e9glementaires de nos clients, soutenue par une ma\u00eetrise avanc\u00e9e des syst\u00e8mes ERP tels que SAGE X3,  SAP, Odoo, Sage ERP, SAGE i7 , Microsoft Dynamics 365, Polysoft, Ai compta &#8230;<\/p>\n\n\n\n<p>L&rsquo;approche de MYADVISOR est centr\u00e9e sur l&rsquo;accompagnement op\u00e9rationnel des \u00e9quipes internes et le contr\u00f4le des donn\u00e9es comptables afin d&rsquo;assurer une conformit\u00e9 rigoureuse et une efficacit\u00e9 accrue. Nous disposons d\u2019une connaissance approfondie des retraitements IFRS, US GAAP, et LOCAL GAAP, ce qui nous permet de garantir une conformit\u00e9 internationale et locale pour nos clients.<br><\/p>\n\n\n\n<iframe width=\"560\" height=\"314\"\nsrc=\"https:\/\/www.youtube.com\/embed\/THoaa3SofwY\"\ntitle=\"YouTube video player\"\nframeborder=\"0\"\nallow=\"accelerometer; autoplay; clipboard-write; encrypted-media; gyroscope; picture-in-picture; web-share\"\nallowfullscreen>\n<\/iframe>\n\n\n\n<iframe width=\"560\" height=\"314\"\nsrc=\"https:\/\/www.youtube.com\/embed\/XWodC9vxv9c\"\ntitle=\"YouTube video player\"\nframeborder=\"0\"\nallow=\"accelerometer; autoplay; clipboard-write; encrypted-media; gyroscope; picture-in-picture; web-share\"\nallowfullscreen>\n<\/iframe>\n\n\n\n\n<iframe width=\"560\" height=\"314\"\nsrc=\"https:\/\/www.youtube.com\/embed\/ZgWLJUIXDv4\"\ntitle=\"YouTube video player\"\nframeborder=\"0\"\nallow=\"accelerometer; autoplay; clipboard-write; encrypted-media; gyroscope; picture-in-picture; web-share\"\nallowfullscreen>\n<\/iframe>\n\n\n\n\n<iframe\tstyle=\"width: 400px; height: 600px;\" src=\"https:\/\/app.fastbots.ai\/embed\/cm1vxjsty0wdqsvbm8ddkvfka\"><\/iframe>\n\n\n\n<p><\/p>\n","protected":false},"excerpt":{"rendered":"<p>Myadvisor est un cabinet de conseil situ\u00e9e \u00e0 Sfax et Tunis , Le cabinet fait l&rsquo;accompagnement des entreprises tunisiennes et &#8230; <\/p>\n<p class=\"more-link-container mt-4 mb-2\"><a title=\"Acceuil\" class=\"more-link btn btn-primary\" href=\"https:\/\/myadvisor.tn\/#more-12\">Read More<span class=\"screen-reader-text\">Acceuil<\/span> <i class=\"fa fa-angle-right\"><\/i><\/a><\/p>\n","protected":false},"author":1,"featured_media":0,"parent":0,"menu_order":0,"comment_status":"closed","ping_status":"closed","template":"","meta":{"footnotes":""},"class_list":["post-12","page","type-page","status-publish","hentry"],"yoast_head":"<!-- This site is optimized with the Yoast SEO plugin v23.5 - https:\/\/yoast.com\/wordpress\/plugins\/seo\/ -->\n<title>Acceuil - MYADVISOR<\/title>\n<meta name=\"robots\" content=\"index, follow, max-snippet:-1, max-image-preview:large, max-video-preview:-1\" \/>\n<link rel=\"canonical\" href=\"https:\/\/myadvisor.tn\/\" \/>\n<meta property=\"og:locale\" content=\"fr_FR\" \/>\n<meta property=\"og:type\" content=\"article\" \/>\n<meta property=\"og:title\" content=\"Acceuil - MYADVISOR\" \/>\n<meta property=\"og:description\" content=\"Myadvisor est un cabinet de conseil situ\u00e9e \u00e0 Sfax et Tunis , Le cabinet fait l&rsquo;accompagnement des entreprises tunisiennes et ... Read MoreAcceuil\" \/>\n<meta property=\"og:url\" content=\"https:\/\/myadvisor.tn\/\" \/>\n<meta property=\"og:site_name\" content=\"MYADVISOR\" \/>\n<meta property=\"article:publisher\" content=\"https:\/\/www.facebook.com\/profile.php?id=61556860978259\" \/>\n<meta property=\"article:modified_time\" content=\"2025-11-27T22:01:51+00:00\" \/>\n<meta property=\"og:image\" content=\"https:\/\/myadvisor.tn\/wp-content\/uploads\/2024\/02\/Image1-1024x318.png\" \/>\n<meta name=\"twitter:card\" content=\"summary_large_image\" \/>\n<meta name=\"twitter:label1\" content=\"Dur\u00e9e de lecture estim\u00e9e\" \/>\n\t<meta name=\"twitter:data1\" content=\"2 minutes\" \/>\n<script type=\"application\/ld+json\" class=\"yoast-schema-graph\">{\"@context\":\"https:\/\/schema.org\",\"@graph\":[{\"@type\":\"WebPage\",\"@id\":\"https:\/\/myadvisor.tn\/\",\"url\":\"https:\/\/myadvisor.tn\/\",\"name\":\"Acceuil - MYADVISOR\",\"isPartOf\":{\"@id\":\"https:\/\/myadvisor.tn\/#website\"},\"primaryImageOfPage\":{\"@id\":\"https:\/\/myadvisor.tn\/#primaryimage\"},\"image\":{\"@id\":\"https:\/\/myadvisor.tn\/#primaryimage\"},\"thumbnailUrl\":\"https:\/\/myadvisor.tn\/wp-content\/uploads\/2024\/02\/Image1-1024x318.png\",\"datePublished\":\"2024-02-27T08:27:03+00:00\",\"dateModified\":\"2025-11-27T22:01:51+00:00\",\"breadcrumb\":{\"@id\":\"https:\/\/myadvisor.tn\/#breadcrumb\"},\"inLanguage\":\"fr-FR\",\"potentialAction\":[{\"@type\":\"ReadAction\",\"target\":[\"https:\/\/myadvisor.tn\/\"]}]},{\"@type\":\"ImageObject\",\"inLanguage\":\"fr-FR\",\"@id\":\"https:\/\/myadvisor.tn\/#primaryimage\",\"url\":\"https:\/\/myadvisor.tn\/wp-content\/uploads\/2024\/02\/Image1.png\",\"contentUrl\":\"https:\/\/myadvisor.tn\/wp-content\/uploads\/2024\/02\/Image1.png\",\"width\":1211,\"height\":376},{\"@type\":\"BreadcrumbList\",\"@id\":\"https:\/\/myadvisor.tn\/#breadcrumb\",\"itemListElement\":[{\"@type\":\"ListItem\",\"position\":1,\"name\":\"Accueil\",\"item\":\"https:\/\/myadvisor.tn\/\"},{\"@type\":\"ListItem\",\"position\":2,\"name\":\"Acceuil\"}]},{\"@type\":\"WebSite\",\"@id\":\"https:\/\/myadvisor.tn\/#website\",\"url\":\"https:\/\/myadvisor.tn\/\",\"name\":\"MYADVISOR\",\"description\":\"\",\"publisher\":{\"@id\":\"https:\/\/myadvisor.tn\/#organization\"},\"potentialAction\":[{\"@type\":\"SearchAction\",\"target\":{\"@type\":\"EntryPoint\",\"urlTemplate\":\"https:\/\/myadvisor.tn\/?s={search_term_string}\"},\"query-input\":{\"@type\":\"PropertyValueSpecification\",\"valueRequired\":true,\"valueName\":\"search_term_string\"}}],\"inLanguage\":\"fr-FR\"},{\"@type\":\"Organization\",\"@id\":\"https:\/\/myadvisor.tn\/#organization\",\"name\":\"CABINET MYADVISOR\",\"url\":\"https:\/\/myadvisor.tn\/\",\"logo\":{\"@type\":\"ImageObject\",\"inLanguage\":\"fr-FR\",\"@id\":\"https:\/\/myadvisor.tn\/#\/schema\/logo\/image\/\",\"url\":\"https:\/\/myadvisor.tn\/wp-content\/uploads\/2024\/02\/cropped-Image1.png\",\"contentUrl\":\"https:\/\/myadvisor.tn\/wp-content\/uploads\/2024\/02\/cropped-Image1.png\",\"width\":1191,\"height\":376,\"caption\":\"CABINET MYADVISOR\"},\"image\":{\"@id\":\"https:\/\/myadvisor.tn\/#\/schema\/logo\/image\/\"},\"sameAs\":[\"https:\/\/www.facebook.com\/profile.php?id=61556860978259\",\"https:\/\/www.linkedin.com\/in\/myadvisor-tunisie-892930230\/\"]}]}<\/script>\n<!-- \/ Yoast SEO plugin. -->","yoast_head_json":{"title":"Acceuil - MYADVISOR","robots":{"index":"index","follow":"follow","max-snippet":"max-snippet:-1","max-image-preview":"max-image-preview:large","max-video-preview":"max-video-preview:-1"},"canonical":"https:\/\/myadvisor.tn\/","og_locale":"fr_FR","og_type":"article","og_title":"Acceuil - MYADVISOR","og_description":"Myadvisor est un cabinet de conseil situ\u00e9e \u00e0 Sfax et Tunis , Le cabinet fait l&rsquo;accompagnement des entreprises tunisiennes et ... Read MoreAcceuil","og_url":"https:\/\/myadvisor.tn\/","og_site_name":"MYADVISOR","article_publisher":"https:\/\/www.facebook.com\/profile.php?id=61556860978259","article_modified_time":"2025-11-27T22:01:51+00:00","og_image":[{"url":"https:\/\/myadvisor.tn\/wp-content\/uploads\/2024\/02\/Image1-1024x318.png"}],"twitter_card":"summary_large_image","twitter_misc":{"Dur\u00e9e de lecture estim\u00e9e":"2 minutes"},"schema":{"@context":"https:\/\/schema.org","@graph":[{"@type":"WebPage","@id":"https:\/\/myadvisor.tn\/","url":"https:\/\/myadvisor.tn\/","name":"Acceuil - MYADVISOR","isPartOf":{"@id":"https:\/\/myadvisor.tn\/#website"},"primaryImageOfPage":{"@id":"https:\/\/myadvisor.tn\/#primaryimage"},"image":{"@id":"https:\/\/myadvisor.tn\/#primaryimage"},"thumbnailUrl":"https:\/\/myadvisor.tn\/wp-content\/uploads\/2024\/02\/Image1-1024x318.png","datePublished":"2024-02-27T08:27:03+00:00","dateModified":"2025-11-27T22:01:51+00:00","breadcrumb":{"@id":"https:\/\/myadvisor.tn\/#breadcrumb"},"inLanguage":"fr-FR","potentialAction":[{"@type":"ReadAction","target":["https:\/\/myadvisor.tn\/"]}]},{"@type":"ImageObject","inLanguage":"fr-FR","@id":"https:\/\/myadvisor.tn\/#primaryimage","url":"https:\/\/myadvisor.tn\/wp-content\/uploads\/2024\/02\/Image1.png","contentUrl":"https:\/\/myadvisor.tn\/wp-content\/uploads\/2024\/02\/Image1.png","width":1211,"height":376},{"@type":"BreadcrumbList","@id":"https:\/\/myadvisor.tn\/#breadcrumb","itemListElement":[{"@type":"ListItem","position":1,"name":"Accueil","item":"https:\/\/myadvisor.tn\/"},{"@type":"ListItem","position":2,"name":"Acceuil"}]},{"@type":"WebSite","@id":"https:\/\/myadvisor.tn\/#website","url":"https:\/\/myadvisor.tn\/","name":"MYADVISOR","description":"","publisher":{"@id":"https:\/\/myadvisor.tn\/#organization"},"potentialAction":[{"@type":"SearchAction","target":{"@type":"EntryPoint","urlTemplate":"https:\/\/myadvisor.tn\/?s={search_term_string}"},"query-input":{"@type":"PropertyValueSpecification","valueRequired":true,"valueName":"search_term_string"}}],"inLanguage":"fr-FR"},{"@type":"Organization","@id":"https:\/\/myadvisor.tn\/#organization","name":"CABINET MYADVISOR","url":"https:\/\/myadvisor.tn\/","logo":{"@type":"ImageObject","inLanguage":"fr-FR","@id":"https:\/\/myadvisor.tn\/#\/schema\/logo\/image\/","url":"https:\/\/myadvisor.tn\/wp-content\/uploads\/2024\/02\/cropped-Image1.png","contentUrl":"https:\/\/myadvisor.tn\/wp-content\/uploads\/2024\/02\/cropped-Image1.png","width":1191,"height":376,"caption":"CABINET MYADVISOR"},"image":{"@id":"https:\/\/myadvisor.tn\/#\/schema\/logo\/image\/"},"sameAs":["https:\/\/www.facebook.com\/profile.php?id=61556860978259","https:\/\/www.linkedin.com\/in\/myadvisor-tunisie-892930230\/"]}]}},"_links":{"self":[{"href":"https:\/\/myadvisor.tn\/index.php\/wp-json\/wp\/v2\/pages\/12","targetHints":{"allow":["GET"]}}],"collection":[{"href":"https:\/\/myadvisor.tn\/index.php\/wp-json\/wp\/v2\/pages"}],"about":[{"href":"https:\/\/myadvisor.tn\/index.php\/wp-json\/wp\/v2\/types\/page"}],"author":[{"embeddable":true,"href":"https:\/\/myadvisor.tn\/index.php\/wp-json\/wp\/v2\/users\/1"}],"replies":[{"embeddable":true,"href":"https:\/\/myadvisor.tn\/index.php\/wp-json\/wp\/v2\/comments?post=12"}],"version-history":[{"count":17,"href":"https:\/\/myadvisor.tn\/index.php\/wp-json\/wp\/v2\/pages\/12\/revisions"}],"predecessor-version":[{"id":145,"href":"https:\/\/myadvisor.tn\/index.php\/wp-json\/wp\/v2\/pages\/12\/revisions\/145"}],"wp:attachment":[{"href":"https:\/\/myadvisor.tn\/index.php\/wp-json\/wp\/v2\/media?parent=12"}],"curies":[{"name":"wp","href":"https:\/\/api.w.org\/{rel}","templated":true}]}}